{"id":7,"date":"2016-02-25T20:11:35","date_gmt":"2016-02-25T19:11:35","guid":{"rendered":"http:\/\/www.irene-kiele.de\/?page_id=7"},"modified":"2022-12-21T16:27:38","modified_gmt":"2022-12-21T15:27:38","slug":"ausstellungen","status":"publish","type":"page","link":"https:\/\/www.irene-kiele.de\/index.php\/ausstellungen\/","title":{"rendered":"Ausstellungen"},"content":{"rendered":"<p><strong>Personalausstellungen<\/strong><\/p>\n<table>\n<tbody>\n<tr>\n<td width=\"140&quot;\">1979<\/td>\n<td>Aufnahme in den VBK der DDR, von da an Ausstellungen in den Galerien des Kulturbundes, in der Universit\u00e4t Leipzig, in Halle und Umgebung<\/td>\n<\/tr>\n<tr>\n<td>1982\/91<\/td>\n<td>Leipzig, Galerie Wort &amp; Werk<\/td>\n<\/tr>\n<tr>\n<td>1992<\/td>\n<td>Leipzig, Ring Galerie<\/td>\n<\/tr>\n<tr>\n<td>1993<\/td>\n<td>Leipzig, Bayerische Vereinsbank<\/td>\n<\/tr>\n<tr>\n<td>1994<\/td>\n<td>Gro\u00dfp\u00f6sna\/ b. Leipzig, &#8222;Grafikangebot M\u00fcller&#8220;<\/td>\n<\/tr>\n<tr>\n<td>1995<\/td>\n<td>Riesa, Stadtmuseum<br>Filderstadt, St\u00e4dtische Galerie<\/td>\n<\/tr>\n<tr>\n<td>1996<\/td>\n<td>Freiburg\/ Breisgau, Galerie Rombach-Center<br>Bremerhaven, Betriebsgalerie Firma Nordsee<\/td>\n<\/tr>\n<tr>\n<td>1996\/2000\/04<\/td>\n<td>Freiberg, Galerie Koch<\/td>\n<\/tr>\n<tr>\n<td>1998<\/td>\n<td>Wei\u00dfenfels, Schlossmuseum *(WK)<\/td>\n<\/tr>\n<tr>\n<td>1999<\/td>\n<td>Leipzig, Kulturamt<\/td>\n<\/tr>\n<tr>\n<td>2000<\/td>\n<td>Leipzig, Regierungspr\u00e4sidium<\/td>\n<\/tr>\n<tr>\n<td>2002<\/td>\n<td>Leipzig, Stadtarchiv **(KAL)<\/td>\n<\/tr>\n<tr>\n<td>2003<\/td>\n<td>Leipzig, Landgericht<\/td>\n<\/tr>\n<tr>\n<td>2005<\/td>\n<td>Leipzig, BBKL-Galerie &#8222;Vorortost&#8220;<\/td>\n<\/tr>\n<tr>\n<td>2007<\/td>\n<td>Leipzig, Atelier Stubenrauch<\/td>\n<\/tr>\n<tr>\n<td>2007<\/td>\n<td>Leipzig, Kleine Galerie Goldschmiede<\/td>\n<\/tr>\n<tr>\n<td>2009<\/td>\n<td>Freiberg, Galerie Koch<\/td>\n<\/tr>\n<tr>\n<td>2007\/10<\/td>\n<td>Stendal, Volksbank, Gesch\u00e4ftsstelle Stendal<\/td>\n<\/tr>\n<tr>\n<td>2010<\/td>\n<td>Volksbank Stendal, Kunstkabinett<\/td>\n<\/tr>\n<tr>\n<td>2012<\/td>\n<td>Bd. bild. K\u00fcnstler, Leipzig, Forum Lipinski<\/td>\n<\/tr>\n<tr>\n<td>2018<\/td>\n<td>25. Jahresausstellung Leipziger K\u00fcnstler, Baumwollspinnerei<\/td>\n<\/tr>\n<tr>\n<td>2022<\/td>\n<td>Wegezeichen, Leipziger Stadtbibliothek<\/td>\n<\/tr>\n<\/tbody>\n<\/table>\n<p>*(WK): Werkkatalog: Farbe der Sprache &#8211; Sprache der Farbe<br>**(KAL): Kalender der Stadt Leipzig; K\u00fcnstlerportait<\/p>\n<p><strong>Ausstellungsbeteiligungen<\/strong><\/p>\n<table>\n<tbody>\n<tr>\n<td width=\"140\">1979-1990<\/td>\n<td>Leipziger Bezirkskunstausstellungen, Dresden X. Kunstausstellung, Bildermesse<\/td>\n<\/tr>\n<tr>\n<td>1991<\/td>\n<td>Leipzig, Oper: Pronomen 13<\/td>\n<\/tr>\n<tr>\n<td>1994<\/td>\n<td>Dresden: Zeitblick. Kunstlandschaft in Sachsen<br>Schlo\u00df Reinbek, Museum Rade: Thomas Mann &#8211; Reflexionen<br>Breda (Ndl)<\/td>\n<\/tr>\n<tr>\n<td>1995<\/td>\n<td>Leipzig, Gewandhaus<\/td>\n<\/tr>\n<tr>\n<td>1998<\/td>\n<td>Leipzig, Rathaus: St\u00e4dtebilder<\/td>\n<\/tr>\n<tr>\n<td>2000<\/td>\n<td>Leipzig, Bund bild. K\u00fcnstler: Jahresausstellung<\/td>\n<\/tr>\n<tr>\n<td>2002<\/td>\n<td>Leipzig, Universit\u00e4t: &#8222;Handzeichnung und Kleinplastik&#8220;<\/td>\n<\/tr>\n<tr>\n<td>2004<\/td>\n<td>Leipzig, BBKL: &#8222;der geometrische Blick&#8220;<\/td>\n<\/tr>\n<tr>\n<td>2005<\/td>\n<td>Leipzig, Gr. S\u00e4chsische Kunstausstellung<\/td>\n<\/tr>\n<tr>\n<td>2006\/07<\/td>\n<td>Leipzig, Ausstellungen der Gedok-Gruppe<\/td>\n<\/tr>\n<tr>\n<td>2008<\/td>\n<td>Dresden, S\u00e4chsischer Landtag, &#8222;Zeitfenster&#8220;<\/td>\n<\/tr>\n<tr>\n<td>2008<\/td>\n<td>Leipzig, Gedok-Gruppe &#8222;F\u00fcr Sarah Kirsch&#8220;<\/td>\n<\/tr>\n<tr>\n<td>2010<\/td>\n<td>Merseburg, &#8222;L\u00e4nderwechsel&#8220;, Kunststiftung ben zi bena<\/td>\n<\/tr>\n<tr>\n<td>2014<\/td>\n<td>Berlin Adlershof, &#8222;Leipziger AllerART&#8220;<\/td>\n<\/tr>\n<tr>\n<td>2015\/2017<\/td>\n<td>Leipzig, Kunstkonzil<\/td>\n<\/tr>\n<tr>\n<td>2017<\/td>\n<td>Potsdam, Museum Barberini, &#8222;Hinter der Maske&#8220;<\/td>\n<\/tr>\n<\/tbody>\n<\/table>\n<p><strong><br>Arbeiten in \u00f6ffentlichen Sammlungen<\/strong><\/p>\n<p>Museum der bildenden K\u00fcnste Leipzig<br>Regierungspr\u00e4sidium Leipzig<br>Kunstsammlungen Chemnitz<br>Kunstsammlung der Sparkasse Leipzig<br>Grafiken im Almanach S\u00e4chsischer Autoren (1994)<\/p>\n\n\n\n\n<p><\/p>\n","protected":false},"excerpt":{"rendered":"<p>Personalausstellungen 1979 Aufnahme in den VBK der DDR, von da an Ausstellungen in den Galerien des Kulturbundes, in der Universit\u00e4t Leipzig, in Halle und Umgebung 1982\/91 Leipzig, Galerie Wort &amp; Werk 1992 Leipzig, Ring Galerie 1993 Leipzig, Bayerische Vereinsbank 1994 Gro\u00dfp\u00f6sna\/ b. Leipzig, &#8222;Grafikangebot M\u00fcller&#8220; 1995 Riesa, StadtmuseumFilderstadt, St\u00e4dtische Galerie 1996 Freiburg\/ Breisgau, Galerie Rombach-CenterBremerhaven, &hellip; <a href=\"https:\/\/www.irene-kiele.de\/index.php\/ausstellungen\/\" class=\"more-link\"><span class=\"screen-reader-text\">Ausstellungen<\/span> weiterlesen<\/a><\/p>\n","protected":false},"author":1,"featured_media":0,"parent":0,"menu_order":0,"comment_status":"closed","ping_status":"closed","template":"","meta":{"ngg_post_thumbnail":0,"footnotes":""},"_links":{"self":[{"href":"https:\/\/www.irene-kiele.de\/index.php\/wp-json\/wp\/v2\/pages\/7"}],"collection":[{"href":"https:\/\/www.irene-kiele.de\/index.php\/wp-json\/wp\/v2\/pages"}],"about":[{"href":"https:\/\/www.irene-kiele.de\/index.php\/wp-json\/wp\/v2\/types\/page"}],"author":[{"embeddable":true,"href":"https:\/\/www.irene-kiele.de\/index.php\/wp-json\/wp\/v2\/users\/1"}],"replies":[{"embeddable":true,"href":"https:\/\/www.irene-kiele.de\/index.php\/wp-json\/wp\/v2\/comments?post=7"}],"version-history":[{"count":15,"href":"https:\/\/www.irene-kiele.de\/index.php\/wp-json\/wp\/v2\/pages\/7\/revisions"}],"predecessor-version":[{"id":403,"href":"https:\/\/www.irene-kiele.de\/index.php\/wp-json\/wp\/v2\/pages\/7\/revisions\/403"}],"wp:attachment":[{"href":"https:\/\/www.irene-kiele.de\/index.php\/wp-json\/wp\/v2\/media?parent=7"}],"curies":[{"name":"wp","href":"https:\/\/api.w.org\/{rel}","templated":true}]}}