{"id":10,"date":"2016-02-25T20:19:39","date_gmt":"2016-02-25T19:19:39","guid":{"rendered":"http:\/\/www.irene-kiele.de\/?page_id=10"},"modified":"2024-06-11T16:45:24","modified_gmt":"2024-06-11T14:45:24","slug":"kontakt","status":"publish","type":"page","link":"https:\/\/www.irene-kiele.de\/index.php\/kontakt\/","title":{"rendered":"Kontakt \/ Impressum"},"content":{"rendered":"<figure id=\"attachment_309\" aria-describedby=\"caption-attachment-309\" style=\"width: 300px\" class=\"wp-caption alignright\"><img loading=\"lazy\" decoding=\"async\" class=\"bildaz-border wp-image-309 size-medium\" src=\"https:\/\/www.irene-kiele.de\/wp-content\/uploads\/2024\/06\/Portraitine.jpg\" alt=\"\" width=\"300\" height=\"300\"><figcaption id=\"caption-attachment-309\" class=\"wp-caption-text\">Foto:  Hagen Wolf  |  www.hagenwolf.net<\/figcaption><\/figure>\n<p><strong>Irene Kiele<br>K\u00f6bisstra\u00dfe 4<br>04317 Leipzig<\/strong><\/p>\n<p>Telefon: +49 (0)341-9600337<\/p>\n<p>E-Mail: irene@kiele.de<\/p>\n<p>Seiten-Design:<a href=\"http:\/\/www.kiele.de\" target=\"_blank\" rel=\"noopener\"> KIELE.e-consult<\/a><\/p>\n<p>&nbsp;<\/p>\n<p><strong>Urheberrecht<\/strong><br>Die durch die Seitenbetreiber erstellten Inhalte und Werke auf diesen Seiten unterliegen dem deutschen Urheberrecht. Die Vervielf\u00e4ltigung, Bearbeitung, Verbreitung und jede Art der Verwertung au\u00dferhalb der Grenzen des Urheberrechtes bed\u00fcrfen der schriftlichen Zustimmung des Erstellers (s.o.).<\/p>\n<p>Die Datenschutzerkl\u00e4rung finden Sie <a href=\"http:\/\/www.irene-kiele.de\/index.php\/datenschutzerklaerung\/\">HIER<\/a>.<\/p>\n\n\n<p><\/p>\n","protected":false},"excerpt":{"rendered":"<p>Irene KieleK\u00f6bisstra\u00dfe 404317 Leipzig Telefon: +49 (0)341-9600337 E-Mail: irene@kiele.de Seiten-Design: KIELE.e-consult &nbsp; UrheberrechtDie durch die Seitenbetreiber erstellten Inhalte und Werke auf diesen Seiten unterliegen dem deutschen Urheberrecht. Die Vervielf\u00e4ltigung, Bearbeitung, Verbreitung und jede Art der Verwertung au\u00dferhalb der Grenzen des Urheberrechtes bed\u00fcrfen der schriftlichen Zustimmung des Erstellers (s.o.). Die Datenschutzerkl\u00e4rung finden Sie HIER.<\/p>\n","protected":false},"author":1,"featured_media":0,"parent":0,"menu_order":0,"comment_status":"closed","ping_status":"closed","template":"","meta":{"ngg_post_thumbnail":0,"footnotes":""},"_links":{"self":[{"href":"https:\/\/www.irene-kiele.de\/index.php\/wp-json\/wp\/v2\/pages\/10"}],"collection":[{"href":"https:\/\/www.irene-kiele.de\/index.php\/wp-json\/wp\/v2\/pages"}],"about":[{"href":"https:\/\/www.irene-kiele.de\/index.php\/wp-json\/wp\/v2\/types\/page"}],"author":[{"embeddable":true,"href":"https:\/\/www.irene-kiele.de\/index.php\/wp-json\/wp\/v2\/users\/1"}],"replies":[{"embeddable":true,"href":"https:\/\/www.irene-kiele.de\/index.php\/wp-json\/wp\/v2\/comments?post=10"}],"version-history":[{"count":53,"href":"https:\/\/www.irene-kiele.de\/index.php\/wp-json\/wp\/v2\/pages\/10\/revisions"}],"predecessor-version":[{"id":433,"href":"https:\/\/www.irene-kiele.de\/index.php\/wp-json\/wp\/v2\/pages\/10\/revisions\/433"}],"wp:attachment":[{"href":"https:\/\/www.irene-kiele.de\/index.php\/wp-json\/wp\/v2\/media?parent=10"}],"curies":[{"name":"wp","href":"https:\/\/api.w.org\/{rel}","templated":true}]}}